{"id":18,"date":"2011-11-23T00:23:02","date_gmt":"2011-11-23T00:23:02","guid":{"rendered":"http:\/\/www.libri-amicorum.de\/WMS\/?page_id=18"},"modified":"2019-01-15T13:35:33","modified_gmt":"2019-01-15T13:35:33","slug":"aufsatze-und-vortrage","status":"publish","type":"page","link":"https:\/\/www.libri-amicorum.de\/?page_id=18","title":{"rendered":"Aufs\u00e4tze und Vortr\u00e4ge"},"content":{"rendered":"<p>Inhalte folgen zu einem sp\u00e4teren Zeitpunkt.<\/p>\n\n\n<p>&nbsp;<\/p>\n<\/br>\n","protected":false},"excerpt":{"rendered":"<p>Inhalte folgen zu einem sp\u00e4teren Zeitpunkt. &nbsp;<\/p>\n","protected":false},"author":4,"featured_media":0,"parent":2,"menu_order":4,"comment_status":"closed","ping_status":"closed","template":"","meta":{"spay_email":""},"jetpack_sharing_enabled":true,"jetpack_shortlink":"https:\/\/wp.me\/PdEVk6-i","_links":{"self":[{"href":"https:\/\/www.libri-amicorum.de\/index.php?rest_route=\/wp\/v2\/pages\/18"}],"collection":[{"href":"https:\/\/www.libri-amicorum.de\/index.php?rest_route=\/wp\/v2\/pages"}],"about":[{"href":"https:\/\/www.libri-amicorum.de\/index.php?rest_route=\/wp\/v2\/types\/page"}],"author":[{"embeddable":true,"href":"https:\/\/www.libri-amicorum.de\/index.php?rest_route=\/wp\/v2\/users\/4"}],"replies":[{"embeddable":true,"href":"https:\/\/www.libri-amicorum.de\/index.php?rest_route=%2Fwp%2Fv2%2Fcomments&post=18"}],"version-history":[{"count":7,"href":"https:\/\/www.libri-amicorum.de\/index.php?rest_route=\/wp\/v2\/pages\/18\/revisions"}],"predecessor-version":[{"id":2009,"href":"https:\/\/www.libri-amicorum.de\/index.php?rest_route=\/wp\/v2\/pages\/18\/revisions\/2009"}],"up":[{"embeddable":true,"href":"https:\/\/www.libri-amicorum.de\/index.php?rest_route=\/wp\/v2\/pages\/2"}],"wp:attachment":[{"href":"https:\/\/www.libri-amicorum.de\/index.php?rest_route=%2Fwp%2Fv2%2Fmedia&parent=18"}],"curies":[{"name":"wp","href":"https:\/\/api.w.org\/{rel}","templated":true}]}}