{"id":2,"date":"2011-09-20T14:30:24","date_gmt":"2011-09-20T14:30:24","guid":{"rendered":"http:\/\/www.libri-amicorum.de\/WMS\/?page_id=2"},"modified":"2019-02-10T18:16:25","modified_gmt":"2019-02-10T18:16:25","slug":"beispiel-seite","status":"publish","type":"page","link":"https:\/\/www.libri-amicorum.de\/","title":{"rendered":"Libri amicorum"},"content":{"rendered":"<p>Das Album amicorum, auch als Stammbuch, Philotheca, Denkmal der Freundschaft, Souvenir, Der Freundschaft heilig etc, und in seiner Entwicklung von der fr\u00fchen Mitte des 16. Jahrhunderts bis zum Ende des 20. Jahrhunderts letztendlich als Poesie-Album bekannt, soll einer breiten, interessierten \u00d6ffentlichkeit in Text und Bild pr\u00e4sentiert werden.<\/p>\n<p>Die Eintragungen in die Stammb\u00fccher der Gelehrten, Studenten, des Adels, der Kaufleute oder K\u00fcnstler etc., die Sentenzen, Wahlspr\u00fcche, Lebensweisheiten, von tiefsinniger Sch\u00e4rfe bis zum humoristischen \u00dcberschwang, begleitet von manch k\u00fcnstlerisch bedeutsamen Bildbeigaben, geben nicht nur den Blick frei in die seit Generationen vergangene Zeit des civis academicus (akademischer B\u00fcrger), nehmen den Augenblick, als die Schreiberhand auf dem Stammbuchbl\u00e4ttchen ruhte, in den Fokus der Gegenwart, sondern zeugen augenf\u00e4llig vom Ernst, von Freundschaft, Zuneigung oder Humor der Inskribenten. Die Stammbuchforschung f\u00fchrt, weil sie wohl nur auf interdisziplin\u00e4rer B\u00fchne erfolgreich sein kann, immer noch ein Schattendasein, steckt gleichsam immer noch in den Kinderschuhen, obwohl sie einen wichtigen Beitrag zur Geschichte des deutschen Geistesleben beitragen k\u00f6nnte.<\/p>\n<p>\u00a0<\/p>\n\n\n<p><\/p>\n","protected":false},"excerpt":{"rendered":"<p>Das Album amicorum, auch als Stammbuch, Philotheca, Denkmal der Freundschaft, Souvenir, Der Freundschaft heilig etc, und in seiner Entwicklung von der fr\u00fchen Mitte des 16. Jahrhunderts bis zum Ende des 20. Jahrhunderts letztendlich als Poesie-Album bekannt, soll einer breiten, interessierten &hellip; <a href=\"https:\/\/www.libri-amicorum.de\/\">Weiterlesen <span class=\"meta-nav\">&rarr;<\/span><\/a><\/p>\n","protected":false},"author":1,"featured_media":0,"parent":0,"menu_order":0,"comment_status":"closed","ping_status":"closed","template":"","meta":{"spay_email":""},"jetpack_sharing_enabled":true,"jetpack_shortlink":"https:\/\/wp.me\/PdEVk6-2","_links":{"self":[{"href":"https:\/\/www.libri-amicorum.de\/index.php?rest_route=\/wp\/v2\/pages\/2"}],"collection":[{"href":"https:\/\/www.libri-amicorum.de\/index.php?rest_route=\/wp\/v2\/pages"}],"about":[{"href":"https:\/\/www.libri-amicorum.de\/index.php?rest_route=\/wp\/v2\/types\/page"}],"author":[{"embeddable":true,"href":"https:\/\/www.libri-amicorum.de\/index.php?rest_route=\/wp\/v2\/users\/1"}],"replies":[{"embeddable":true,"href":"https:\/\/www.libri-amicorum.de\/index.php?rest_route=%2Fwp%2Fv2%2Fcomments&post=2"}],"version-history":[{"count":17,"href":"https:\/\/www.libri-amicorum.de\/index.php?rest_route=\/wp\/v2\/pages\/2\/revisions"}],"predecessor-version":[{"id":2050,"href":"https:\/\/www.libri-amicorum.de\/index.php?rest_route=\/wp\/v2\/pages\/2\/revisions\/2050"}],"wp:attachment":[{"href":"https:\/\/www.libri-amicorum.de\/index.php?rest_route=%2Fwp%2Fv2%2Fmedia&parent=2"}],"curies":[{"name":"wp","href":"https:\/\/api.w.org\/{rel}","templated":true}]}}